{"id":1579,"date":"2022-06-16T10:25:48","date_gmt":"2022-06-16T08:25:48","guid":{"rendered":"http:\/\/lenac-breil.ch\/?page_id=1579"},"modified":"2022-06-18T11:31:29","modified_gmt":"2022-06-18T09:31:29","slug":"efh-capaul-cathomas","status":"publish","type":"page","link":"https:\/\/lenac-breil.ch\/?page_id=1579","title":{"rendered":"EFH Capaul-Cathomas"},"content":{"rendered":"\n<p>Dieser Holzelement Haus in Chalet-Stil durften wir im Jahr 2021 realisieren                Die Aussenfassade sowie die \u00e4ussere Holzkonstruktion wurden eingebrannt. Im Innenbereich wurden die 3 Holzarten, Fichte, Arve und Eiche verwendet. <\/p>\n\n\n\n<p><strong>Unsere Leistungen:<\/strong>                                                                                       Planung, Holzbauarbeiten, Fenster, Innenausbau, M\u00f6bel und T\u00fcren, K\u00fcchenbau, Holzboden<\/p>\n\n\n\n<p><\/p>\n\n\n\n<div class=\"wp-block-image\"><figure class=\"aligncenter\"><img loading=\"lazy\" decoding=\"async\" width=\"1024\" height=\"683\" src=\"https:\/\/lenac-breil.ch\/wp-content\/uploads\/2022\/06\/DSC011691638480015994-02-1-1024x683.jpeg\" alt=\"\" class=\"wp-image-1602\" srcset=\"https:\/\/lenac-breil.ch\/wp-content\/uploads\/2022\/06\/DSC011691638480015994-02-1-1024x683.jpeg 1024w, https:\/\/lenac-breil.ch\/wp-content\/uploads\/2022\/06\/DSC011691638480015994-02-1-300x200.jpeg 300w, https:\/\/lenac-breil.ch\/wp-content\/uploads\/2022\/06\/DSC011691638480015994-02-1-768x512.jpeg 768w, https:\/\/lenac-breil.ch\/wp-content\/uploads\/2022\/06\/DSC011691638480015994-02-1-1536x1024.jpeg 1536w, https:\/\/lenac-breil.ch\/wp-content\/uploads\/2022\/06\/DSC011691638480015994-02-1-2048x1365.jpeg 2048w, https:\/\/lenac-breil.ch\/wp-content\/uploads\/2022\/06\/DSC011691638480015994-02-1-450x300.jpeg 450w\" sizes=\"auto, (max-width: 1024px) 100vw, 1024px\" \/><\/figure><\/div>\n\n\n\n<div class=\"wp-block-cover aligncenter has-background-dim\" style=\"background-image:url(https:\/\/lenac-breil.ch\/wp-content\/uploads\/2022\/06\/DSC01449-683x1024.jpg)\"><div class=\"wp-block-cover__inner-container is-layout-flow wp-block-cover-is-layout-flow\">\n<p class=\"has-text-align-center has-large-font-size\"><\/p>\n<\/div><\/div>\n\n\n\n<div class=\"wp-block-image\"><figure class=\"aligncenter\"><img loading=\"lazy\" decoding=\"async\" width=\"683\" height=\"1024\" src=\"https:\/\/lenac-breil.ch\/wp-content\/uploads\/2022\/06\/DSC01434-683x1024.jpg\" alt=\"\" class=\"wp-image-1600\" srcset=\"https:\/\/lenac-breil.ch\/wp-content\/uploads\/2022\/06\/DSC01434-683x1024.jpg 683w, https:\/\/lenac-breil.ch\/wp-content\/uploads\/2022\/06\/DSC01434-200x300.jpg 200w, https:\/\/lenac-breil.ch\/wp-content\/uploads\/2022\/06\/DSC01434-768x1152.jpg 768w, https:\/\/lenac-breil.ch\/wp-content\/uploads\/2022\/06\/DSC01434-1024x1536.jpg 1024w, https:\/\/lenac-breil.ch\/wp-content\/uploads\/2022\/06\/DSC01434-1365x2048.jpg 1365w, https:\/\/lenac-breil.ch\/wp-content\/uploads\/2022\/06\/DSC01434-scaled.jpg 1707w\" sizes=\"auto, (max-width: 683px) 100vw, 683px\" \/><\/figure><\/div>\n\n\n\n<div class=\"wp-block-image\"><figure class=\"aligncenter\"><img loading=\"lazy\" decoding=\"async\" width=\"683\" height=\"1024\" src=\"https:\/\/lenac-breil.ch\/wp-content\/uploads\/2022\/06\/DSC01433-683x1024.jpg\" alt=\"\" class=\"wp-image-1599\" srcset=\"https:\/\/lenac-breil.ch\/wp-content\/uploads\/2022\/06\/DSC01433-683x1024.jpg 683w, https:\/\/lenac-breil.ch\/wp-content\/uploads\/2022\/06\/DSC01433-200x300.jpg 200w, https:\/\/lenac-breil.ch\/wp-content\/uploads\/2022\/06\/DSC01433-768x1152.jpg 768w, https:\/\/lenac-breil.ch\/wp-content\/uploads\/2022\/06\/DSC01433-1024x1536.jpg 1024w, https:\/\/lenac-breil.ch\/wp-content\/uploads\/2022\/06\/DSC01433-1365x2048.jpg 1365w, https:\/\/lenac-breil.ch\/wp-content\/uploads\/2022\/06\/DSC01433-scaled.jpg 1707w\" sizes=\"auto, (max-width: 683px) 100vw, 683px\" \/><\/figure><\/div>\n\n\n\n<div class=\"wp-block-image\"><figure class=\"aligncenter\"><img loading=\"lazy\" decoding=\"async\" width=\"1024\" height=\"683\" src=\"https:\/\/lenac-breil.ch\/wp-content\/uploads\/2022\/06\/DSC01402-1024x683.jpg\" alt=\"\" class=\"wp-image-1597\" srcset=\"https:\/\/lenac-breil.ch\/wp-content\/uploads\/2022\/06\/DSC01402-1024x683.jpg 1024w, https:\/\/lenac-breil.ch\/wp-content\/uploads\/2022\/06\/DSC01402-300x200.jpg 300w, https:\/\/lenac-breil.ch\/wp-content\/uploads\/2022\/06\/DSC01402-768x512.jpg 768w, https:\/\/lenac-breil.ch\/wp-content\/uploads\/2022\/06\/DSC01402-1536x1024.jpg 1536w, https:\/\/lenac-breil.ch\/wp-content\/uploads\/2022\/06\/DSC01402-2048x1365.jpg 2048w, https:\/\/lenac-breil.ch\/wp-content\/uploads\/2022\/06\/DSC01402-450x300.jpg 450w\" sizes=\"auto, (max-width: 1024px) 100vw, 1024px\" \/><\/figure><\/div>\n\n\n\n<div class=\"wp-block-image\"><figure class=\"aligncenter\"><img loading=\"lazy\" decoding=\"async\" width=\"683\" height=\"1024\" src=\"https:\/\/lenac-breil.ch\/wp-content\/uploads\/2022\/06\/DSC01368-683x1024.jpg\" alt=\"\" class=\"wp-image-1596\" srcset=\"https:\/\/lenac-breil.ch\/wp-content\/uploads\/2022\/06\/DSC01368-683x1024.jpg 683w, https:\/\/lenac-breil.ch\/wp-content\/uploads\/2022\/06\/DSC01368-200x300.jpg 200w, https:\/\/lenac-breil.ch\/wp-content\/uploads\/2022\/06\/DSC01368-768x1152.jpg 768w, https:\/\/lenac-breil.ch\/wp-content\/uploads\/2022\/06\/DSC01368-1024x1536.jpg 1024w, https:\/\/lenac-breil.ch\/wp-content\/uploads\/2022\/06\/DSC01368-1365x2048.jpg 1365w, https:\/\/lenac-breil.ch\/wp-content\/uploads\/2022\/06\/DSC01368-scaled.jpg 1707w\" sizes=\"auto, (max-width: 683px) 100vw, 683px\" \/><\/figure><\/div>\n\n\n\n<div class=\"wp-block-image\"><figure class=\"aligncenter\"><img loading=\"lazy\" decoding=\"async\" width=\"683\" height=\"1024\" src=\"https:\/\/lenac-breil.ch\/wp-content\/uploads\/2022\/06\/DSC01331-683x1024.jpg\" alt=\"\" class=\"wp-image-1595\" srcset=\"https:\/\/lenac-breil.ch\/wp-content\/uploads\/2022\/06\/DSC01331-683x1024.jpg 683w, https:\/\/lenac-breil.ch\/wp-content\/uploads\/2022\/06\/DSC01331-200x300.jpg 200w, https:\/\/lenac-breil.ch\/wp-content\/uploads\/2022\/06\/DSC01331-768x1152.jpg 768w, https:\/\/lenac-breil.ch\/wp-content\/uploads\/2022\/06\/DSC01331-1024x1536.jpg 1024w, https:\/\/lenac-breil.ch\/wp-content\/uploads\/2022\/06\/DSC01331-1365x2048.jpg 1365w, https:\/\/lenac-breil.ch\/wp-content\/uploads\/2022\/06\/DSC01331-scaled.jpg 1707w\" sizes=\"auto, (max-width: 683px) 100vw, 683px\" \/><\/figure><\/div>\n\n\n\n<div class=\"wp-block-image\"><figure class=\"aligncenter\"><img loading=\"lazy\" decoding=\"async\" width=\"683\" height=\"1024\" src=\"https:\/\/lenac-breil.ch\/wp-content\/uploads\/2022\/06\/DSC01322-683x1024.jpg\" alt=\"\" class=\"wp-image-1594\" srcset=\"https:\/\/lenac-breil.ch\/wp-content\/uploads\/2022\/06\/DSC01322-683x1024.jpg 683w, https:\/\/lenac-breil.ch\/wp-content\/uploads\/2022\/06\/DSC01322-200x300.jpg 200w, https:\/\/lenac-breil.ch\/wp-content\/uploads\/2022\/06\/DSC01322-768x1152.jpg 768w, https:\/\/lenac-breil.ch\/wp-content\/uploads\/2022\/06\/DSC01322-1024x1536.jpg 1024w, https:\/\/lenac-breil.ch\/wp-content\/uploads\/2022\/06\/DSC01322-1365x2048.jpg 1365w, https:\/\/lenac-breil.ch\/wp-content\/uploads\/2022\/06\/DSC01322-scaled.jpg 1707w\" sizes=\"auto, (max-width: 683px) 100vw, 683px\" \/><\/figure><\/div>\n\n\n\n<div class=\"wp-block-image\"><figure class=\"aligncenter\"><img loading=\"lazy\" decoding=\"async\" width=\"683\" height=\"1024\" src=\"https:\/\/lenac-breil.ch\/wp-content\/uploads\/2022\/06\/DSC01281-683x1024.jpg\" alt=\"\" class=\"wp-image-1593\" srcset=\"https:\/\/lenac-breil.ch\/wp-content\/uploads\/2022\/06\/DSC01281-683x1024.jpg 683w, https:\/\/lenac-breil.ch\/wp-content\/uploads\/2022\/06\/DSC01281-200x300.jpg 200w, https:\/\/lenac-breil.ch\/wp-content\/uploads\/2022\/06\/DSC01281-768x1152.jpg 768w, https:\/\/lenac-breil.ch\/wp-content\/uploads\/2022\/06\/DSC01281-1024x1536.jpg 1024w, https:\/\/lenac-breil.ch\/wp-content\/uploads\/2022\/06\/DSC01281-1365x2048.jpg 1365w, https:\/\/lenac-breil.ch\/wp-content\/uploads\/2022\/06\/DSC01281-scaled.jpg 1707w\" sizes=\"auto, (max-width: 683px) 100vw, 683px\" \/><\/figure><\/div>\n\n\n\n<div class=\"wp-block-image\"><figure class=\"aligncenter\"><img loading=\"lazy\" decoding=\"async\" width=\"683\" height=\"1024\" src=\"https:\/\/lenac-breil.ch\/wp-content\/uploads\/2022\/06\/DSC01277-683x1024.jpg\" alt=\"\" class=\"wp-image-1592\" srcset=\"https:\/\/lenac-breil.ch\/wp-content\/uploads\/2022\/06\/DSC01277-683x1024.jpg 683w, https:\/\/lenac-breil.ch\/wp-content\/uploads\/2022\/06\/DSC01277-200x300.jpg 200w, https:\/\/lenac-breil.ch\/wp-content\/uploads\/2022\/06\/DSC01277-768x1152.jpg 768w, https:\/\/lenac-breil.ch\/wp-content\/uploads\/2022\/06\/DSC01277-1024x1536.jpg 1024w, https:\/\/lenac-breil.ch\/wp-content\/uploads\/2022\/06\/DSC01277-1365x2048.jpg 1365w, https:\/\/lenac-breil.ch\/wp-content\/uploads\/2022\/06\/DSC01277-scaled.jpg 1707w\" sizes=\"auto, (max-width: 683px) 100vw, 683px\" \/><\/figure><\/div>\n\n\n\n<div class=\"wp-block-image\"><figure class=\"aligncenter\"><img loading=\"lazy\" decoding=\"async\" width=\"683\" height=\"1024\" src=\"https:\/\/lenac-breil.ch\/wp-content\/uploads\/2022\/06\/DSC01269-683x1024.jpg\" alt=\"\" class=\"wp-image-1591\" srcset=\"https:\/\/lenac-breil.ch\/wp-content\/uploads\/2022\/06\/DSC01269-683x1024.jpg 683w, https:\/\/lenac-breil.ch\/wp-content\/uploads\/2022\/06\/DSC01269-200x300.jpg 200w, https:\/\/lenac-breil.ch\/wp-content\/uploads\/2022\/06\/DSC01269-768x1152.jpg 768w, https:\/\/lenac-breil.ch\/wp-content\/uploads\/2022\/06\/DSC01269-1024x1536.jpg 1024w, https:\/\/lenac-breil.ch\/wp-content\/uploads\/2022\/06\/DSC01269-1365x2048.jpg 1365w, https:\/\/lenac-breil.ch\/wp-content\/uploads\/2022\/06\/DSC01269-scaled.jpg 1707w\" sizes=\"auto, (max-width: 683px) 100vw, 683px\" \/><\/figure><\/div>\n\n\n\n<div class=\"wp-block-image\"><figure class=\"aligncenter\"><img loading=\"lazy\" decoding=\"async\" width=\"683\" height=\"1024\" src=\"https:\/\/lenac-breil.ch\/wp-content\/uploads\/2022\/06\/DSC01260-683x1024.jpg\" alt=\"\" class=\"wp-image-1590\" srcset=\"https:\/\/lenac-breil.ch\/wp-content\/uploads\/2022\/06\/DSC01260-683x1024.jpg 683w, https:\/\/lenac-breil.ch\/wp-content\/uploads\/2022\/06\/DSC01260-200x300.jpg 200w, https:\/\/lenac-breil.ch\/wp-content\/uploads\/2022\/06\/DSC01260-768x1152.jpg 768w, https:\/\/lenac-breil.ch\/wp-content\/uploads\/2022\/06\/DSC01260-1024x1536.jpg 1024w, https:\/\/lenac-breil.ch\/wp-content\/uploads\/2022\/06\/DSC01260-1365x2048.jpg 1365w, https:\/\/lenac-breil.ch\/wp-content\/uploads\/2022\/06\/DSC01260-scaled.jpg 1707w\" sizes=\"auto, (max-width: 683px) 100vw, 683px\" \/><\/figure><\/div>\n\n\n\n<div class=\"wp-block-image\"><figure class=\"aligncenter\"><img loading=\"lazy\" decoding=\"async\" width=\"1024\" height=\"683\" src=\"https:\/\/lenac-breil.ch\/wp-content\/uploads\/2022\/06\/DSC01204-1024x683.jpg\" alt=\"\" class=\"wp-image-1587\" srcset=\"https:\/\/lenac-breil.ch\/wp-content\/uploads\/2022\/06\/DSC01204-1024x683.jpg 1024w, https:\/\/lenac-breil.ch\/wp-content\/uploads\/2022\/06\/DSC01204-300x200.jpg 300w, https:\/\/lenac-breil.ch\/wp-content\/uploads\/2022\/06\/DSC01204-768x512.jpg 768w, https:\/\/lenac-breil.ch\/wp-content\/uploads\/2022\/06\/DSC01204-1536x1024.jpg 1536w, https:\/\/lenac-breil.ch\/wp-content\/uploads\/2022\/06\/DSC01204-2048x1365.jpg 2048w, https:\/\/lenac-breil.ch\/wp-content\/uploads\/2022\/06\/DSC01204-450x300.jpg 450w\" sizes=\"auto, (max-width: 1024px) 100vw, 1024px\" \/><\/figure><\/div>\n\n\n\n<div class=\"wp-block-image\"><figure class=\"aligncenter\"><img loading=\"lazy\" decoding=\"async\" width=\"1024\" height=\"683\" src=\"https:\/\/lenac-breil.ch\/wp-content\/uploads\/2022\/06\/DSC01174-1024x683.jpg\" alt=\"\" class=\"wp-image-1586\" srcset=\"https:\/\/lenac-breil.ch\/wp-content\/uploads\/2022\/06\/DSC01174-1024x683.jpg 1024w, https:\/\/lenac-breil.ch\/wp-content\/uploads\/2022\/06\/DSC01174-300x200.jpg 300w, https:\/\/lenac-breil.ch\/wp-content\/uploads\/2022\/06\/DSC01174-768x512.jpg 768w, https:\/\/lenac-breil.ch\/wp-content\/uploads\/2022\/06\/DSC01174-1536x1024.jpg 1536w, https:\/\/lenac-breil.ch\/wp-content\/uploads\/2022\/06\/DSC01174-2048x1365.jpg 2048w, https:\/\/lenac-breil.ch\/wp-content\/uploads\/2022\/06\/DSC01174-450x300.jpg 450w\" sizes=\"auto, (max-width: 1024px) 100vw, 1024px\" \/><\/figure><\/div>\n\n\n\n<div class=\"wp-block-image\"><figure class=\"aligncenter\"><img loading=\"lazy\" decoding=\"async\" width=\"683\" height=\"1024\" src=\"https:\/\/lenac-breil.ch\/wp-content\/uploads\/2022\/06\/DSC01164-683x1024.jpg\" alt=\"\" class=\"wp-image-1585\" srcset=\"https:\/\/lenac-breil.ch\/wp-content\/uploads\/2022\/06\/DSC01164-683x1024.jpg 683w, https:\/\/lenac-breil.ch\/wp-content\/uploads\/2022\/06\/DSC01164-200x300.jpg 200w, https:\/\/lenac-breil.ch\/wp-content\/uploads\/2022\/06\/DSC01164-768x1152.jpg 768w, https:\/\/lenac-breil.ch\/wp-content\/uploads\/2022\/06\/DSC01164-1024x1536.jpg 1024w, https:\/\/lenac-breil.ch\/wp-content\/uploads\/2022\/06\/DSC01164-1365x2048.jpg 1365w, https:\/\/lenac-breil.ch\/wp-content\/uploads\/2022\/06\/DSC01164-scaled.jpg 1707w\" sizes=\"auto, (max-width: 683px) 100vw, 683px\" \/><\/figure><\/div>\n","protected":false},"excerpt":{"rendered":"<p>Dieser Holzelement Haus in Chalet-Stil durften wir im Jahr 2021 realisieren Die Aussenfassade sowie die \u00e4ussere Holzkonstruktion wurden eingebrannt. Im Innenbereich wurden die 3 Holzarten, Fichte, Arve und Eiche verwendet. Unsere Leistungen: Planung, Holzbauarbeiten, Fenster, Innenausbau, M\u00f6bel und T\u00fcren, K\u00fcchenbau, &hellip; <a href=\"https:\/\/lenac-breil.ch\/?page_id=1579\">Weiterlesen <span class=\"meta-nav\">&rarr;<\/span><\/a><\/p>\n","protected":false},"author":2,"featured_media":1602,"parent":1302,"menu_order":0,"comment_status":"closed","ping_status":"closed","template":"","meta":{"footnotes":""},"class_list":["post-1579","page","type-page","status-publish","has-post-thumbnail","hentry"],"_links":{"self":[{"href":"https:\/\/lenac-breil.ch\/index.php?rest_route=\/wp\/v2\/pages\/1579","targetHints":{"allow":["GET"]}}],"collection":[{"href":"https:\/\/lenac-breil.ch\/index.php?rest_route=\/wp\/v2\/pages"}],"about":[{"href":"https:\/\/lenac-breil.ch\/index.php?rest_route=\/wp\/v2\/types\/page"}],"author":[{"embeddable":true,"href":"https:\/\/lenac-breil.ch\/index.php?rest_route=\/wp\/v2\/users\/2"}],"replies":[{"embeddable":true,"href":"https:\/\/lenac-breil.ch\/index.php?rest_route=%2Fwp%2Fv2%2Fcomments&post=1579"}],"version-history":[{"count":6,"href":"https:\/\/lenac-breil.ch\/index.php?rest_route=\/wp\/v2\/pages\/1579\/revisions"}],"predecessor-version":[{"id":1696,"href":"https:\/\/lenac-breil.ch\/index.php?rest_route=\/wp\/v2\/pages\/1579\/revisions\/1696"}],"up":[{"embeddable":true,"href":"https:\/\/lenac-breil.ch\/index.php?rest_route=\/wp\/v2\/pages\/1302"}],"wp:featuredmedia":[{"embeddable":true,"href":"https:\/\/lenac-breil.ch\/index.php?rest_route=\/wp\/v2\/media\/1602"}],"wp:attachment":[{"href":"https:\/\/lenac-breil.ch\/index.php?rest_route=%2Fwp%2Fv2%2Fmedia&parent=1579"}],"curies":[{"name":"wp","href":"https:\/\/api.w.org\/{rel}","templated":true}]}}