{"id":1874,"date":"2023-04-23T11:26:29","date_gmt":"2023-04-23T09:26:29","guid":{"rendered":"http:\/\/lenac-breil.ch\/?page_id=1874"},"modified":"2023-05-10T21:40:34","modified_gmt":"2023-05-10T19:40:34","slug":"__trashed","status":"publish","type":"page","link":"https:\/\/lenac-breil.ch\/?page_id=1874","title":{"rendered":"EFH Danis"},"content":{"rendered":"\n<p>Bei diesem Projekt durften wir den gesamten Innenausbau in Bergfichte herstellen.<\/p>\n\n\n\n<p>In Kombination mit den W\u00e4nden und B\u00f6den in Sichtbeton schafft das Fichtenholz eine gem\u00fctliche Atmosph\u00e4re. <\/p>\n\n\n\n<p>Unsere Leistungen: Holzbau, T\u00fcren, M\u00f6bel<\/p>\n\n\n\n<figure class=\"wp-block-gallery has-nested-images columns-default is-cropped wp-block-gallery-1 is-layout-flex wp-block-gallery-is-layout-flex\">\n<figure class=\"wp-block-image size-large\"><a href=\"https:\/\/lenac-breil.ch\/wp-content\/uploads\/2023\/05\/DSC07634-1-scaled.jpg\"><img loading=\"lazy\" decoding=\"async\" width=\"683\" height=\"1024\" data-id=\"1954\" src=\"https:\/\/lenac-breil.ch\/wp-content\/uploads\/2023\/05\/DSC07634-1-683x1024.jpg\" alt=\"\" class=\"wp-image-1954\" srcset=\"https:\/\/lenac-breil.ch\/wp-content\/uploads\/2023\/05\/DSC07634-1-683x1024.jpg 683w, https:\/\/lenac-breil.ch\/wp-content\/uploads\/2023\/05\/DSC07634-1-200x300.jpg 200w, https:\/\/lenac-breil.ch\/wp-content\/uploads\/2023\/05\/DSC07634-1-768x1152.jpg 768w, https:\/\/lenac-breil.ch\/wp-content\/uploads\/2023\/05\/DSC07634-1-1024x1536.jpg 1024w, https:\/\/lenac-breil.ch\/wp-content\/uploads\/2023\/05\/DSC07634-1-1365x2048.jpg 1365w, https:\/\/lenac-breil.ch\/wp-content\/uploads\/2023\/05\/DSC07634-1-scaled.jpg 1707w\" sizes=\"auto, (max-width: 683px) 100vw, 683px\" \/><\/a><\/figure>\n\n\n\n<figure class=\"wp-block-image size-large\"><a href=\"https:\/\/lenac-breil.ch\/wp-content\/uploads\/2023\/05\/DSC07676-1-scaled.jpg\"><img loading=\"lazy\" decoding=\"async\" width=\"1024\" height=\"683\" data-id=\"1953\" src=\"https:\/\/lenac-breil.ch\/wp-content\/uploads\/2023\/05\/DSC07676-1-1024x683.jpg\" alt=\"\" class=\"wp-image-1953\" srcset=\"https:\/\/lenac-breil.ch\/wp-content\/uploads\/2023\/05\/DSC07676-1-1024x683.jpg 1024w, https:\/\/lenac-breil.ch\/wp-content\/uploads\/2023\/05\/DSC07676-1-300x200.jpg 300w, https:\/\/lenac-breil.ch\/wp-content\/uploads\/2023\/05\/DSC07676-1-768x512.jpg 768w, https:\/\/lenac-breil.ch\/wp-content\/uploads\/2023\/05\/DSC07676-1-1536x1024.jpg 1536w, https:\/\/lenac-breil.ch\/wp-content\/uploads\/2023\/05\/DSC07676-1-2048x1365.jpg 2048w, https:\/\/lenac-breil.ch\/wp-content\/uploads\/2023\/05\/DSC07676-1-450x300.jpg 450w\" sizes=\"auto, (max-width: 1024px) 100vw, 1024px\" \/><\/a><\/figure>\n\n\n\n<figure class=\"wp-block-image size-large\"><a href=\"https:\/\/lenac-breil.ch\/wp-content\/uploads\/2023\/05\/DSC07684-1-scaled.jpg\"><img loading=\"lazy\" decoding=\"async\" width=\"683\" height=\"1024\" data-id=\"1957\" src=\"https:\/\/lenac-breil.ch\/wp-content\/uploads\/2023\/05\/DSC07684-1-683x1024.jpg\" alt=\"\" class=\"wp-image-1957\" srcset=\"https:\/\/lenac-breil.ch\/wp-content\/uploads\/2023\/05\/DSC07684-1-683x1024.jpg 683w, https:\/\/lenac-breil.ch\/wp-content\/uploads\/2023\/05\/DSC07684-1-200x300.jpg 200w, https:\/\/lenac-breil.ch\/wp-content\/uploads\/2023\/05\/DSC07684-1-768x1152.jpg 768w, https:\/\/lenac-breil.ch\/wp-content\/uploads\/2023\/05\/DSC07684-1-1024x1536.jpg 1024w, https:\/\/lenac-breil.ch\/wp-content\/uploads\/2023\/05\/DSC07684-1-1365x2048.jpg 1365w, https:\/\/lenac-breil.ch\/wp-content\/uploads\/2023\/05\/DSC07684-1-scaled.jpg 1707w\" sizes=\"auto, (max-width: 683px) 100vw, 683px\" \/><\/a><\/figure>\n\n\n\n<figure class=\"wp-block-image size-large\"><a href=\"https:\/\/lenac-breil.ch\/wp-content\/uploads\/2023\/05\/DSC07697-1-scaled.jpg\"><img loading=\"lazy\" decoding=\"async\" width=\"683\" height=\"1024\" data-id=\"1956\" src=\"https:\/\/lenac-breil.ch\/wp-content\/uploads\/2023\/05\/DSC07697-1-683x1024.jpg\" alt=\"\" class=\"wp-image-1956\" srcset=\"https:\/\/lenac-breil.ch\/wp-content\/uploads\/2023\/05\/DSC07697-1-683x1024.jpg 683w, https:\/\/lenac-breil.ch\/wp-content\/uploads\/2023\/05\/DSC07697-1-200x300.jpg 200w, https:\/\/lenac-breil.ch\/wp-content\/uploads\/2023\/05\/DSC07697-1-768x1152.jpg 768w, https:\/\/lenac-breil.ch\/wp-content\/uploads\/2023\/05\/DSC07697-1-1024x1536.jpg 1024w, https:\/\/lenac-breil.ch\/wp-content\/uploads\/2023\/05\/DSC07697-1-1365x2048.jpg 1365w, https:\/\/lenac-breil.ch\/wp-content\/uploads\/2023\/05\/DSC07697-1-scaled.jpg 1707w\" sizes=\"auto, (max-width: 683px) 100vw, 683px\" \/><\/a><\/figure>\n\n\n\n<figure class=\"wp-block-image size-large\"><a href=\"https:\/\/lenac-breil.ch\/wp-content\/uploads\/2023\/05\/DSC07701-1-scaled.jpg\"><img loading=\"lazy\" decoding=\"async\" width=\"683\" height=\"1024\" data-id=\"1958\" src=\"https:\/\/lenac-breil.ch\/wp-content\/uploads\/2023\/05\/DSC07701-1-683x1024.jpg\" alt=\"\" class=\"wp-image-1958\" srcset=\"https:\/\/lenac-breil.ch\/wp-content\/uploads\/2023\/05\/DSC07701-1-683x1024.jpg 683w, https:\/\/lenac-breil.ch\/wp-content\/uploads\/2023\/05\/DSC07701-1-200x300.jpg 200w, https:\/\/lenac-breil.ch\/wp-content\/uploads\/2023\/05\/DSC07701-1-768x1152.jpg 768w, https:\/\/lenac-breil.ch\/wp-content\/uploads\/2023\/05\/DSC07701-1-1024x1536.jpg 1024w, https:\/\/lenac-breil.ch\/wp-content\/uploads\/2023\/05\/DSC07701-1-1365x2048.jpg 1365w, https:\/\/lenac-breil.ch\/wp-content\/uploads\/2023\/05\/DSC07701-1-scaled.jpg 1707w\" sizes=\"auto, (max-width: 683px) 100vw, 683px\" \/><\/a><\/figure>\n\n\n\n<figure class=\"wp-block-image size-large\"><a href=\"https:\/\/lenac-breil.ch\/wp-content\/uploads\/2023\/05\/DSC07708-1-scaled.jpg\"><img loading=\"lazy\" decoding=\"async\" width=\"683\" height=\"1024\" data-id=\"1955\" src=\"https:\/\/lenac-breil.ch\/wp-content\/uploads\/2023\/05\/DSC07708-1-683x1024.jpg\" alt=\"\" class=\"wp-image-1955\" srcset=\"https:\/\/lenac-breil.ch\/wp-content\/uploads\/2023\/05\/DSC07708-1-683x1024.jpg 683w, https:\/\/lenac-breil.ch\/wp-content\/uploads\/2023\/05\/DSC07708-1-200x300.jpg 200w, https:\/\/lenac-breil.ch\/wp-content\/uploads\/2023\/05\/DSC07708-1-768x1152.jpg 768w, https:\/\/lenac-breil.ch\/wp-content\/uploads\/2023\/05\/DSC07708-1-1024x1536.jpg 1024w, https:\/\/lenac-breil.ch\/wp-content\/uploads\/2023\/05\/DSC07708-1-1365x2048.jpg 1365w, https:\/\/lenac-breil.ch\/wp-content\/uploads\/2023\/05\/DSC07708-1-scaled.jpg 1707w\" sizes=\"auto, (max-width: 683px) 100vw, 683px\" \/><\/a><\/figure>\n\n\n\n<figure class=\"wp-block-image size-large\"><a href=\"https:\/\/lenac-breil.ch\/wp-content\/uploads\/2023\/05\/DSC07716-1-scaled.jpg\"><img loading=\"lazy\" decoding=\"async\" width=\"683\" height=\"1024\" data-id=\"1959\" src=\"https:\/\/lenac-breil.ch\/wp-content\/uploads\/2023\/05\/DSC07716-1-683x1024.jpg\" alt=\"\" class=\"wp-image-1959\" srcset=\"https:\/\/lenac-breil.ch\/wp-content\/uploads\/2023\/05\/DSC07716-1-683x1024.jpg 683w, https:\/\/lenac-breil.ch\/wp-content\/uploads\/2023\/05\/DSC07716-1-200x300.jpg 200w, https:\/\/lenac-breil.ch\/wp-content\/uploads\/2023\/05\/DSC07716-1-768x1152.jpg 768w, https:\/\/lenac-breil.ch\/wp-content\/uploads\/2023\/05\/DSC07716-1-1024x1536.jpg 1024w, https:\/\/lenac-breil.ch\/wp-content\/uploads\/2023\/05\/DSC07716-1-1365x2048.jpg 1365w, https:\/\/lenac-breil.ch\/wp-content\/uploads\/2023\/05\/DSC07716-1-scaled.jpg 1707w\" sizes=\"auto, (max-width: 683px) 100vw, 683px\" \/><\/a><\/figure>\n\n\n\n<figure class=\"wp-block-image size-large\"><a href=\"https:\/\/lenac-breil.ch\/wp-content\/uploads\/2023\/05\/DSC07719-1-scaled.jpg\"><img loading=\"lazy\" decoding=\"async\" width=\"683\" height=\"1024\" data-id=\"1960\" src=\"https:\/\/lenac-breil.ch\/wp-content\/uploads\/2023\/05\/DSC07719-1-683x1024.jpg\" alt=\"\" class=\"wp-image-1960\" srcset=\"https:\/\/lenac-breil.ch\/wp-content\/uploads\/2023\/05\/DSC07719-1-683x1024.jpg 683w, https:\/\/lenac-breil.ch\/wp-content\/uploads\/2023\/05\/DSC07719-1-200x300.jpg 200w, https:\/\/lenac-breil.ch\/wp-content\/uploads\/2023\/05\/DSC07719-1-768x1152.jpg 768w, https:\/\/lenac-breil.ch\/wp-content\/uploads\/2023\/05\/DSC07719-1-1024x1536.jpg 1024w, https:\/\/lenac-breil.ch\/wp-content\/uploads\/2023\/05\/DSC07719-1-1365x2048.jpg 1365w, https:\/\/lenac-breil.ch\/wp-content\/uploads\/2023\/05\/DSC07719-1-scaled.jpg 1707w\" sizes=\"auto, (max-width: 683px) 100vw, 683px\" \/><\/a><\/figure>\n\n\n\n<figure class=\"wp-block-image size-large\"><a href=\"https:\/\/lenac-breil.ch\/wp-content\/uploads\/2023\/05\/DSC07721-1-scaled.jpg\"><img loading=\"lazy\" decoding=\"async\" width=\"683\" height=\"1024\" data-id=\"1961\" src=\"https:\/\/lenac-breil.ch\/wp-content\/uploads\/2023\/05\/DSC07721-1-683x1024.jpg\" alt=\"\" class=\"wp-image-1961\" srcset=\"https:\/\/lenac-breil.ch\/wp-content\/uploads\/2023\/05\/DSC07721-1-683x1024.jpg 683w, https:\/\/lenac-breil.ch\/wp-content\/uploads\/2023\/05\/DSC07721-1-200x300.jpg 200w, https:\/\/lenac-breil.ch\/wp-content\/uploads\/2023\/05\/DSC07721-1-768x1152.jpg 768w, https:\/\/lenac-breil.ch\/wp-content\/uploads\/2023\/05\/DSC07721-1-1024x1536.jpg 1024w, https:\/\/lenac-breil.ch\/wp-content\/uploads\/2023\/05\/DSC07721-1-1365x2048.jpg 1365w, https:\/\/lenac-breil.ch\/wp-content\/uploads\/2023\/05\/DSC07721-1-scaled.jpg 1707w\" sizes=\"auto, (max-width: 683px) 100vw, 683px\" \/><\/a><\/figure>\n\n\n\n<figure class=\"wp-block-image size-large\"><a href=\"https:\/\/lenac-breil.ch\/wp-content\/uploads\/2023\/05\/DSC07723-1-scaled.jpg\"><img loading=\"lazy\" decoding=\"async\" width=\"683\" height=\"1024\" data-id=\"1963\" src=\"https:\/\/lenac-breil.ch\/wp-content\/uploads\/2023\/05\/DSC07723-1-683x1024.jpg\" alt=\"\" class=\"wp-image-1963\" srcset=\"https:\/\/lenac-breil.ch\/wp-content\/uploads\/2023\/05\/DSC07723-1-683x1024.jpg 683w, https:\/\/lenac-breil.ch\/wp-content\/uploads\/2023\/05\/DSC07723-1-200x300.jpg 200w, https:\/\/lenac-breil.ch\/wp-content\/uploads\/2023\/05\/DSC07723-1-768x1152.jpg 768w, https:\/\/lenac-breil.ch\/wp-content\/uploads\/2023\/05\/DSC07723-1-1024x1536.jpg 1024w, https:\/\/lenac-breil.ch\/wp-content\/uploads\/2023\/05\/DSC07723-1-1365x2048.jpg 1365w, https:\/\/lenac-breil.ch\/wp-content\/uploads\/2023\/05\/DSC07723-1-scaled.jpg 1707w\" sizes=\"auto, (max-width: 683px) 100vw, 683px\" \/><\/a><\/figure>\n\n\n\n<figure class=\"wp-block-image size-large\"><a href=\"https:\/\/lenac-breil.ch\/wp-content\/uploads\/2023\/05\/DSC07726-1-scaled.jpg\"><img loading=\"lazy\" decoding=\"async\" width=\"683\" height=\"1024\" data-id=\"1962\" src=\"https:\/\/lenac-breil.ch\/wp-content\/uploads\/2023\/05\/DSC07726-1-683x1024.jpg\" alt=\"\" class=\"wp-image-1962\" srcset=\"https:\/\/lenac-breil.ch\/wp-content\/uploads\/2023\/05\/DSC07726-1-683x1024.jpg 683w, https:\/\/lenac-breil.ch\/wp-content\/uploads\/2023\/05\/DSC07726-1-200x300.jpg 200w, https:\/\/lenac-breil.ch\/wp-content\/uploads\/2023\/05\/DSC07726-1-768x1152.jpg 768w, https:\/\/lenac-breil.ch\/wp-content\/uploads\/2023\/05\/DSC07726-1-1024x1536.jpg 1024w, https:\/\/lenac-breil.ch\/wp-content\/uploads\/2023\/05\/DSC07726-1-1365x2048.jpg 1365w, https:\/\/lenac-breil.ch\/wp-content\/uploads\/2023\/05\/DSC07726-1-scaled.jpg 1707w\" sizes=\"auto, (max-width: 683px) 100vw, 683px\" \/><\/a><\/figure>\n\n\n\n<figure class=\"wp-block-image size-large\"><a href=\"https:\/\/lenac-breil.ch\/wp-content\/uploads\/2023\/05\/DSC07736-1-scaled.jpg\"><img loading=\"lazy\" decoding=\"async\" width=\"683\" height=\"1024\" data-id=\"1964\" src=\"https:\/\/lenac-breil.ch\/wp-content\/uploads\/2023\/05\/DSC07736-1-683x1024.jpg\" alt=\"\" class=\"wp-image-1964\" srcset=\"https:\/\/lenac-breil.ch\/wp-content\/uploads\/2023\/05\/DSC07736-1-683x1024.jpg 683w, https:\/\/lenac-breil.ch\/wp-content\/uploads\/2023\/05\/DSC07736-1-200x300.jpg 200w, https:\/\/lenac-breil.ch\/wp-content\/uploads\/2023\/05\/DSC07736-1-768x1152.jpg 768w, https:\/\/lenac-breil.ch\/wp-content\/uploads\/2023\/05\/DSC07736-1-1024x1536.jpg 1024w, https:\/\/lenac-breil.ch\/wp-content\/uploads\/2023\/05\/DSC07736-1-1365x2048.jpg 1365w, https:\/\/lenac-breil.ch\/wp-content\/uploads\/2023\/05\/DSC07736-1-scaled.jpg 1707w\" sizes=\"auto, (max-width: 683px) 100vw, 683px\" \/><\/a><\/figure>\n\n\n\n<figure class=\"wp-block-image size-large\"><a href=\"https:\/\/lenac-breil.ch\/wp-content\/uploads\/2023\/05\/DSC07744-1-scaled.jpg\"><img loading=\"lazy\" decoding=\"async\" width=\"1024\" height=\"683\" data-id=\"1965\" src=\"https:\/\/lenac-breil.ch\/wp-content\/uploads\/2023\/05\/DSC07744-1-1024x683.jpg\" alt=\"\" class=\"wp-image-1965\" srcset=\"https:\/\/lenac-breil.ch\/wp-content\/uploads\/2023\/05\/DSC07744-1-1024x683.jpg 1024w, https:\/\/lenac-breil.ch\/wp-content\/uploads\/2023\/05\/DSC07744-1-300x200.jpg 300w, https:\/\/lenac-breil.ch\/wp-content\/uploads\/2023\/05\/DSC07744-1-768x512.jpg 768w, https:\/\/lenac-breil.ch\/wp-content\/uploads\/2023\/05\/DSC07744-1-1536x1024.jpg 1536w, https:\/\/lenac-breil.ch\/wp-content\/uploads\/2023\/05\/DSC07744-1-2048x1365.jpg 2048w, https:\/\/lenac-breil.ch\/wp-content\/uploads\/2023\/05\/DSC07744-1-450x300.jpg 450w\" sizes=\"auto, (max-width: 1024px) 100vw, 1024px\" \/><\/a><\/figure>\n\n\n\n<figure class=\"wp-block-image size-large\"><a href=\"https:\/\/lenac-breil.ch\/wp-content\/uploads\/2023\/05\/DSC07778-1-scaled.jpg\"><img loading=\"lazy\" decoding=\"async\" width=\"683\" height=\"1024\" data-id=\"1966\" src=\"https:\/\/lenac-breil.ch\/wp-content\/uploads\/2023\/05\/DSC07778-1-683x1024.jpg\" alt=\"\" class=\"wp-image-1966\" srcset=\"https:\/\/lenac-breil.ch\/wp-content\/uploads\/2023\/05\/DSC07778-1-683x1024.jpg 683w, https:\/\/lenac-breil.ch\/wp-content\/uploads\/2023\/05\/DSC07778-1-200x300.jpg 200w, https:\/\/lenac-breil.ch\/wp-content\/uploads\/2023\/05\/DSC07778-1-768x1152.jpg 768w, https:\/\/lenac-breil.ch\/wp-content\/uploads\/2023\/05\/DSC07778-1-1024x1536.jpg 1024w, https:\/\/lenac-breil.ch\/wp-content\/uploads\/2023\/05\/DSC07778-1-1365x2048.jpg 1365w, https:\/\/lenac-breil.ch\/wp-content\/uploads\/2023\/05\/DSC07778-1-scaled.jpg 1707w\" sizes=\"auto, (max-width: 683px) 100vw, 683px\" \/><\/a><\/figure>\n\n\n\n<figure class=\"wp-block-image size-large\"><a href=\"https:\/\/lenac-breil.ch\/wp-content\/uploads\/2023\/05\/DSC07814-1-scaled.jpg\"><img loading=\"lazy\" decoding=\"async\" width=\"683\" height=\"1024\" data-id=\"1967\" src=\"https:\/\/lenac-breil.ch\/wp-content\/uploads\/2023\/05\/DSC07814-1-683x1024.jpg\" alt=\"\" class=\"wp-image-1967\" srcset=\"https:\/\/lenac-breil.ch\/wp-content\/uploads\/2023\/05\/DSC07814-1-683x1024.jpg 683w, https:\/\/lenac-breil.ch\/wp-content\/uploads\/2023\/05\/DSC07814-1-200x300.jpg 200w, https:\/\/lenac-breil.ch\/wp-content\/uploads\/2023\/05\/DSC07814-1-768x1152.jpg 768w, https:\/\/lenac-breil.ch\/wp-content\/uploads\/2023\/05\/DSC07814-1-1024x1536.jpg 1024w, https:\/\/lenac-breil.ch\/wp-content\/uploads\/2023\/05\/DSC07814-1-1365x2048.jpg 1365w, https:\/\/lenac-breil.ch\/wp-content\/uploads\/2023\/05\/DSC07814-1-scaled.jpg 1707w\" sizes=\"auto, (max-width: 683px) 100vw, 683px\" \/><\/a><\/figure>\n<\/figure>\n","protected":false},"excerpt":{"rendered":"<p>Bei diesem Projekt durften wir den gesamten Innenausbau in Bergfichte herstellen. In Kombination mit den W\u00e4nden und B\u00f6den in Sichtbeton schafft das Fichtenholz eine gem\u00fctliche Atmosph\u00e4re. Unsere Leistungen: Holzbau, T\u00fcren, M\u00f6bel<\/p>\n","protected":false},"author":2,"featured_media":1928,"parent":1302,"menu_order":2,"comment_status":"closed","ping_status":"closed","template":"","meta":{"footnotes":""},"class_list":["post-1874","page","type-page","status-publish","has-post-thumbnail","hentry"],"_links":{"self":[{"href":"https:\/\/lenac-breil.ch\/index.php?rest_route=\/wp\/v2\/pages\/1874","targetHints":{"allow":["GET"]}}],"collection":[{"href":"https:\/\/lenac-breil.ch\/index.php?rest_route=\/wp\/v2\/pages"}],"about":[{"href":"https:\/\/lenac-breil.ch\/index.php?rest_route=\/wp\/v2\/types\/page"}],"author":[{"embeddable":true,"href":"https:\/\/lenac-breil.ch\/index.php?rest_route=\/wp\/v2\/users\/2"}],"replies":[{"embeddable":true,"href":"https:\/\/lenac-breil.ch\/index.php?rest_route=%2Fwp%2Fv2%2Fcomments&post=1874"}],"version-history":[{"count":3,"href":"https:\/\/lenac-breil.ch\/index.php?rest_route=\/wp\/v2\/pages\/1874\/revisions"}],"predecessor-version":[{"id":1968,"href":"https:\/\/lenac-breil.ch\/index.php?rest_route=\/wp\/v2\/pages\/1874\/revisions\/1968"}],"up":[{"embeddable":true,"href":"https:\/\/lenac-breil.ch\/index.php?rest_route=\/wp\/v2\/pages\/1302"}],"wp:featuredmedia":[{"embeddable":true,"href":"https:\/\/lenac-breil.ch\/index.php?rest_route=\/wp\/v2\/media\/1928"}],"wp:attachment":[{"href":"https:\/\/lenac-breil.ch\/index.php?rest_route=%2Fwp%2Fv2%2Fmedia&parent=1874"}],"curies":[{"name":"wp","href":"https:\/\/api.w.org\/{rel}","templated":true}]}}