{"id":1995,"date":"2023-11-30T13:21:37","date_gmt":"2023-11-30T12:21:37","guid":{"rendered":"https:\/\/lenac-breil.ch\/?page_id=1995"},"modified":"2023-12-01T09:40:26","modified_gmt":"2023-12-01T08:40:26","slug":"umbau-ferienwohnung-brigels-2023","status":"publish","type":"page","link":"https:\/\/lenac-breil.ch\/?page_id=1995","title":{"rendered":"Umbau Ferienwohnung Brigels 2023"},"content":{"rendered":"\n<p>Ein Umbau mit vielen kleinen Details, dies beschreibt den Umbau am besten<\/p>\n\n\n\n<p>Zusammen mit der Kundschaft durften wir bei diesem Umbau tolle und spezielle M\u00f6bel, Schlafzimmereinrichtung und eine K\u00fcche planen und realisieren.<\/p>\n\n\n\n<p>Die K\u00fcchenfront und Abdeckung besteht aus Linoleum, Die K\u00fcchenkorpusse aus massivem Fichtenholz, Ja sogar die Schubladen sind aus massiver Eiche. Es wurde Gro\u00dfem Wert auf kleine Details gesetzt, und dies ist bei Den Griffleisten und Zinken der Schublade ersichtlich.<\/p>\n\n\n\n<p>Die restlichen M\u00f6bel wurden aus massivem Arvenholz hergestellt.<\/p>\n\n\n\n<p>Die Schlafzimmereinrichtung bietet Platz f\u00fcr viel Stauraum, und ist etwas einzigartiges.<\/p>\n\n\n\n<figure class=\"wp-block-gallery has-nested-images columns-default is-cropped wp-block-gallery-1 is-layout-flex wp-block-gallery-is-layout-flex\">\n<figure class=\"wp-block-image size-large\"><a href=\"https:\/\/lenac-breil.ch\/wp-content\/uploads\/2023\/11\/lenac-breil-referenz-1.jpg\"><img loading=\"lazy\" decoding=\"async\" width=\"819\" height=\"1024\" data-id=\"1991\" src=\"https:\/\/lenac-breil.ch\/wp-content\/uploads\/2023\/11\/lenac-breil-referenz-1-819x1024.jpg\" alt=\"\" class=\"wp-image-1991\" srcset=\"https:\/\/lenac-breil.ch\/wp-content\/uploads\/2023\/11\/lenac-breil-referenz-1-819x1024.jpg 819w, https:\/\/lenac-breil.ch\/wp-content\/uploads\/2023\/11\/lenac-breil-referenz-1-240x300.jpg 240w, https:\/\/lenac-breil.ch\/wp-content\/uploads\/2023\/11\/lenac-breil-referenz-1-768x960.jpg 768w, https:\/\/lenac-breil.ch\/wp-content\/uploads\/2023\/11\/lenac-breil-referenz-1.jpg 1093w\" sizes=\"auto, (max-width: 819px) 100vw, 819px\" \/><\/a><\/figure>\n\n\n\n<figure class=\"wp-block-image size-large\"><a href=\"https:\/\/lenac-breil.ch\/wp-content\/uploads\/2023\/11\/lenac-breil-referenz-5.jpg\"><img loading=\"lazy\" decoding=\"async\" width=\"819\" height=\"1024\" data-id=\"1985\" src=\"https:\/\/lenac-breil.ch\/wp-content\/uploads\/2023\/11\/lenac-breil-referenz-5-819x1024.jpg\" alt=\"\" class=\"wp-image-1985\" srcset=\"https:\/\/lenac-breil.ch\/wp-content\/uploads\/2023\/11\/lenac-breil-referenz-5-819x1024.jpg 819w, https:\/\/lenac-breil.ch\/wp-content\/uploads\/2023\/11\/lenac-breil-referenz-5-240x300.jpg 240w, https:\/\/lenac-breil.ch\/wp-content\/uploads\/2023\/11\/lenac-breil-referenz-5-768x960.jpg 768w, https:\/\/lenac-breil.ch\/wp-content\/uploads\/2023\/11\/lenac-breil-referenz-5.jpg 1093w\" sizes=\"auto, (max-width: 819px) 100vw, 819px\" \/><\/a><\/figure>\n\n\n\n<figure class=\"wp-block-image size-large\"><a href=\"https:\/\/lenac-breil.ch\/wp-content\/uploads\/2023\/11\/lenac-breil-referenz-7.jpg\"><img loading=\"lazy\" decoding=\"async\" width=\"819\" height=\"1024\" data-id=\"1987\" src=\"https:\/\/lenac-breil.ch\/wp-content\/uploads\/2023\/11\/lenac-breil-referenz-7-819x1024.jpg\" alt=\"\" class=\"wp-image-1987\" srcset=\"https:\/\/lenac-breil.ch\/wp-content\/uploads\/2023\/11\/lenac-breil-referenz-7-819x1024.jpg 819w, https:\/\/lenac-breil.ch\/wp-content\/uploads\/2023\/11\/lenac-breil-referenz-7-240x300.jpg 240w, https:\/\/lenac-breil.ch\/wp-content\/uploads\/2023\/11\/lenac-breil-referenz-7-768x960.jpg 768w, https:\/\/lenac-breil.ch\/wp-content\/uploads\/2023\/11\/lenac-breil-referenz-7.jpg 1093w\" sizes=\"auto, (max-width: 819px) 100vw, 819px\" \/><\/a><\/figure>\n\n\n\n<figure class=\"wp-block-image size-large\"><a href=\"https:\/\/lenac-breil.ch\/wp-content\/uploads\/2023\/11\/lenac-breil-referenz-6.jpg\"><img loading=\"lazy\" decoding=\"async\" width=\"819\" height=\"1024\" data-id=\"1986\" src=\"https:\/\/lenac-breil.ch\/wp-content\/uploads\/2023\/11\/lenac-breil-referenz-6-819x1024.jpg\" alt=\"\" class=\"wp-image-1986\" srcset=\"https:\/\/lenac-breil.ch\/wp-content\/uploads\/2023\/11\/lenac-breil-referenz-6-819x1024.jpg 819w, https:\/\/lenac-breil.ch\/wp-content\/uploads\/2023\/11\/lenac-breil-referenz-6-240x300.jpg 240w, https:\/\/lenac-breil.ch\/wp-content\/uploads\/2023\/11\/lenac-breil-referenz-6-768x960.jpg 768w, https:\/\/lenac-breil.ch\/wp-content\/uploads\/2023\/11\/lenac-breil-referenz-6.jpg 1093w\" sizes=\"auto, (max-width: 819px) 100vw, 819px\" \/><\/a><\/figure>\n\n\n\n<figure class=\"wp-block-image size-large\"><a href=\"https:\/\/lenac-breil.ch\/wp-content\/uploads\/2023\/11\/lenac-breil-referenz-3.jpg\"><img loading=\"lazy\" decoding=\"async\" width=\"819\" height=\"1024\" data-id=\"1983\" src=\"https:\/\/lenac-breil.ch\/wp-content\/uploads\/2023\/11\/lenac-breil-referenz-3-819x1024.jpg\" alt=\"\" class=\"wp-image-1983\" srcset=\"https:\/\/lenac-breil.ch\/wp-content\/uploads\/2023\/11\/lenac-breil-referenz-3-819x1024.jpg 819w, https:\/\/lenac-breil.ch\/wp-content\/uploads\/2023\/11\/lenac-breil-referenz-3-240x300.jpg 240w, https:\/\/lenac-breil.ch\/wp-content\/uploads\/2023\/11\/lenac-breil-referenz-3-768x960.jpg 768w, https:\/\/lenac-breil.ch\/wp-content\/uploads\/2023\/11\/lenac-breil-referenz-3.jpg 1093w\" sizes=\"auto, (max-width: 819px) 100vw, 819px\" \/><\/a><\/figure>\n\n\n\n<figure class=\"wp-block-image size-large\"><a href=\"https:\/\/lenac-breil.ch\/wp-content\/uploads\/2023\/11\/lenac-breil-referenz-4.jpg\"><img loading=\"lazy\" decoding=\"async\" width=\"819\" height=\"1024\" data-id=\"1984\" src=\"https:\/\/lenac-breil.ch\/wp-content\/uploads\/2023\/11\/lenac-breil-referenz-4-819x1024.jpg\" alt=\"\" class=\"wp-image-1984\" srcset=\"https:\/\/lenac-breil.ch\/wp-content\/uploads\/2023\/11\/lenac-breil-referenz-4-819x1024.jpg 819w, https:\/\/lenac-breil.ch\/wp-content\/uploads\/2023\/11\/lenac-breil-referenz-4-240x300.jpg 240w, https:\/\/lenac-breil.ch\/wp-content\/uploads\/2023\/11\/lenac-breil-referenz-4-768x960.jpg 768w, https:\/\/lenac-breil.ch\/wp-content\/uploads\/2023\/11\/lenac-breil-referenz-4.jpg 1093w\" sizes=\"auto, (max-width: 819px) 100vw, 819px\" \/><\/a><\/figure>\n\n\n\n<figure class=\"wp-block-image size-large\"><a href=\"https:\/\/lenac-breil.ch\/wp-content\/uploads\/2023\/11\/lenac-breil-referenz-8.jpg\"><img loading=\"lazy\" decoding=\"async\" width=\"819\" height=\"1024\" data-id=\"1988\" src=\"https:\/\/lenac-breil.ch\/wp-content\/uploads\/2023\/11\/lenac-breil-referenz-8-819x1024.jpg\" alt=\"\" class=\"wp-image-1988\" srcset=\"https:\/\/lenac-breil.ch\/wp-content\/uploads\/2023\/11\/lenac-breil-referenz-8-819x1024.jpg 819w, https:\/\/lenac-breil.ch\/wp-content\/uploads\/2023\/11\/lenac-breil-referenz-8-240x300.jpg 240w, https:\/\/lenac-breil.ch\/wp-content\/uploads\/2023\/11\/lenac-breil-referenz-8-768x960.jpg 768w, https:\/\/lenac-breil.ch\/wp-content\/uploads\/2023\/11\/lenac-breil-referenz-8.jpg 1093w\" sizes=\"auto, (max-width: 819px) 100vw, 819px\" \/><\/a><\/figure>\n\n\n\n<figure class=\"wp-block-image size-large\"><a href=\"https:\/\/lenac-breil.ch\/wp-content\/uploads\/2023\/11\/lenac-breil-referenz-9.jpg\"><img loading=\"lazy\" decoding=\"async\" width=\"819\" height=\"1024\" data-id=\"1989\" src=\"https:\/\/lenac-breil.ch\/wp-content\/uploads\/2023\/11\/lenac-breil-referenz-9-819x1024.jpg\" alt=\"\" class=\"wp-image-1989\" srcset=\"https:\/\/lenac-breil.ch\/wp-content\/uploads\/2023\/11\/lenac-breil-referenz-9-819x1024.jpg 819w, https:\/\/lenac-breil.ch\/wp-content\/uploads\/2023\/11\/lenac-breil-referenz-9-240x300.jpg 240w, https:\/\/lenac-breil.ch\/wp-content\/uploads\/2023\/11\/lenac-breil-referenz-9-768x960.jpg 768w, https:\/\/lenac-breil.ch\/wp-content\/uploads\/2023\/11\/lenac-breil-referenz-9.jpg 1093w\" sizes=\"auto, (max-width: 819px) 100vw, 819px\" \/><\/a><\/figure>\n\n\n\n<figure class=\"wp-block-image size-large\"><a href=\"https:\/\/lenac-breil.ch\/wp-content\/uploads\/2023\/11\/lenac-breil-referenz-10.jpg\"><img loading=\"lazy\" decoding=\"async\" width=\"819\" height=\"1024\" data-id=\"1990\" src=\"https:\/\/lenac-breil.ch\/wp-content\/uploads\/2023\/11\/lenac-breil-referenz-10-819x1024.jpg\" alt=\"\" class=\"wp-image-1990\" srcset=\"https:\/\/lenac-breil.ch\/wp-content\/uploads\/2023\/11\/lenac-breil-referenz-10-819x1024.jpg 819w, https:\/\/lenac-breil.ch\/wp-content\/uploads\/2023\/11\/lenac-breil-referenz-10-240x300.jpg 240w, https:\/\/lenac-breil.ch\/wp-content\/uploads\/2023\/11\/lenac-breil-referenz-10-768x960.jpg 768w, https:\/\/lenac-breil.ch\/wp-content\/uploads\/2023\/11\/lenac-breil-referenz-10.jpg 1093w\" sizes=\"auto, (max-width: 819px) 100vw, 819px\" \/><\/a><\/figure>\n<\/figure>\n","protected":false},"excerpt":{"rendered":"<p>Ein Umbau mit vielen kleinen Details, dies beschreibt den Umbau am besten Zusammen mit der Kundschaft durften wir bei diesem Umbau tolle und spezielle M\u00f6bel, Schlafzimmereinrichtung und eine K\u00fcche planen und realisieren. Die K\u00fcchenfront und Abdeckung besteht aus Linoleum, Die &hellip; <a href=\"https:\/\/lenac-breil.ch\/?page_id=1995\">Weiterlesen <span class=\"meta-nav\">&rarr;<\/span><\/a><\/p>\n","protected":false},"author":3,"featured_media":1992,"parent":1302,"menu_order":2,"comment_status":"closed","ping_status":"closed","template":"","meta":{"footnotes":""},"class_list":["post-1995","page","type-page","status-publish","has-post-thumbnail","hentry"],"_links":{"self":[{"href":"https:\/\/lenac-breil.ch\/index.php?rest_route=\/wp\/v2\/pages\/1995","targetHints":{"allow":["GET"]}}],"collection":[{"href":"https:\/\/lenac-breil.ch\/index.php?rest_route=\/wp\/v2\/pages"}],"about":[{"href":"https:\/\/lenac-breil.ch\/index.php?rest_route=\/wp\/v2\/types\/page"}],"author":[{"embeddable":true,"href":"https:\/\/lenac-breil.ch\/index.php?rest_route=\/wp\/v2\/users\/3"}],"replies":[{"embeddable":true,"href":"https:\/\/lenac-breil.ch\/index.php?rest_route=%2Fwp%2Fv2%2Fcomments&post=1995"}],"version-history":[{"count":3,"href":"https:\/\/lenac-breil.ch\/index.php?rest_route=\/wp\/v2\/pages\/1995\/revisions"}],"predecessor-version":[{"id":2016,"href":"https:\/\/lenac-breil.ch\/index.php?rest_route=\/wp\/v2\/pages\/1995\/revisions\/2016"}],"up":[{"embeddable":true,"href":"https:\/\/lenac-breil.ch\/index.php?rest_route=\/wp\/v2\/pages\/1302"}],"wp:featuredmedia":[{"embeddable":true,"href":"https:\/\/lenac-breil.ch\/index.php?rest_route=\/wp\/v2\/media\/1992"}],"wp:attachment":[{"href":"https:\/\/lenac-breil.ch\/index.php?rest_route=%2Fwp%2Fv2%2Fmedia&parent=1995"}],"curies":[{"name":"wp","href":"https:\/\/api.w.org\/{rel}","templated":true}]}}